{"id":346,"date":"2018-07-28T16:07:17","date_gmt":"2018-07-28T16:07:17","guid":{"rendered":"https:\/\/manufacturer.stylemixthemes.com\/?page_id=346"},"modified":"2026-01-15T20:38:13","modified_gmt":"2026-01-15T20:38:13","slug":"hakkimizda","status":"publish","type":"page","link":"https:\/\/sermal.com.tr\/en\/hakkimizda\/","title":{"rendered":"About Us"},"content":{"rendered":"<div data-elementor-type=\"wp-post\" data-elementor-id=\"346\" class=\"elementor elementor-346\">\n\t\t\t\t\t\t<section class=\"elementor-section elementor-top-section elementor-element elementor-element-10b3474 elementor-section-boxed elementor-section-height-default elementor-section-height-default\" data-id=\"10b3474\" data-element_type=\"section\">\n\t\t\t\t\t\t<div class=\"elementor-container elementor-column-gap-default\">\n\t\t\t\t\t<div class=\"elementor-column elementor-col-100 elementor-top-column elementor-element elementor-element-988c61c elementor-invisible\" data-id=\"988c61c\" data-element_type=\"column\" data-settings=\"{&quot;animation&quot;:&quot;fadeIn&quot;,&quot;animation_delay&quot;:200}\">\n\t\t\t<div class=\"elementor-widget-wrap elementor-element-populated\">\n\t\t\t\t\t\t<div class=\"elementor-element elementor-element-9cdd897 elementor-widget elementor-widget-text-editor\" data-id=\"9cdd897\" data-element_type=\"widget\" data-widget_type=\"text-editor.default\">\n\t\t\t\t\t\t\t\t\t<div class=\"x-text\"><p><strong>1995<\/strong> \u2014 Since the day we were established, we have served as a trusted bridge in the industry, delivering services that never compromise on quality. Partnering with Spain\u2019s leading global company, we continue to provide reliable and innovative solutions. <strong>We are the exclusive authorized agent and distributor of VELUTEX FLOCK S.A. in Turkey, the Middle East, the Far East, and the Turkic Republics<\/strong> Through this international collaboration, we provide our customers with products manufactured using the latest technology and certified with international standards.<\/p><p>Leveraging our sales and support services enriched with over 30 years of market expertise. <strong>Textile<\/strong>, <strong>Automotive, Packaging, Decoration, Toy, and Printing industries. <\/strong>\u2014 we offer high-quality, sustainable, and customer-focused solutions designed to meet the unique demands of each sector.<\/p><\/div>\t\t\t\t\t\t\t\t<\/div>\n\t\t\t\t\t<\/div>\n\t\t<\/div>\n\t\t\t\t\t<\/div>\n\t\t<\/section>\n\t\t\t\t<\/div>","protected":false},"excerpt":{"rendered":"<p>1995 y\u0131l\u0131nda kuruldu\u011fumuz g\u00fcnden bu yana, kaliteden \u00f6d\u00fcn vermeyen hizmet anlay\u0131\u015f\u0131m\u0131zla sekt\u00f6rde g\u00fcvenilir bir k\u00f6pr\u00fc g\u00f6revi \u00fcstlendik. \u0130spanya&#8217;n\u0131n&#8230;<\/p>","protected":false},"author":1,"featured_media":0,"parent":0,"menu_order":0,"comment_status":"closed","ping_status":"closed","template":"elementor_header_footer","meta":{"footnotes":""},"class_list":["post-346","page","type-page","status-publish","hentry"],"_links":{"self":[{"href":"https:\/\/sermal.com.tr\/en\/wp-json\/wp\/v2\/pages\/346","targetHints":{"allow":["GET"]}}],"collection":[{"href":"https:\/\/sermal.com.tr\/en\/wp-json\/wp\/v2\/pages"}],"about":[{"href":"https:\/\/sermal.com.tr\/en\/wp-json\/wp\/v2\/types\/page"}],"author":[{"embeddable":true,"href":"https:\/\/sermal.com.tr\/en\/wp-json\/wp\/v2\/users\/1"}],"replies":[{"embeddable":true,"href":"https:\/\/sermal.com.tr\/en\/wp-json\/wp\/v2\/comments?post=346"}],"version-history":[{"count":43,"href":"https:\/\/sermal.com.tr\/en\/wp-json\/wp\/v2\/pages\/346\/revisions"}],"predecessor-version":[{"id":2469,"href":"https:\/\/sermal.com.tr\/en\/wp-json\/wp\/v2\/pages\/346\/revisions\/2469"}],"wp:attachment":[{"href":"https:\/\/sermal.com.tr\/en\/wp-json\/wp\/v2\/media?parent=346"}],"curies":[{"name":"wp","href":"https:\/\/api.w.org\/{rel}","templated":true}]}}